{"id":1059,"date":"2023-05-18T16:54:31","date_gmt":"2023-05-18T13:54:31","guid":{"rendered":"https:\/\/nobalis.eu\/?page_id=1059"},"modified":"2023-05-18T19:06:13","modified_gmt":"2023-05-18T16:06:13","slug":"eicd-fall-2022","status":"publish","type":"page","link":"https:\/\/nobalis.eu\/index.php\/resources\/eicd-fall-2022\/","title":{"rendered":"Fall 2022 program"},"content":{"rendered":"\n<h2 class=\"wp-block-heading\">Background<\/h2>\n\n\n\n<p>The first round of NOBALIS Entrepreneurial and Innovation capacity development (EICD) programme for food, biotechnology and bioresource start-ups took place in the fall of 2022.<\/p>\n\n\n\n<p><strong>Target group<\/strong>s: student, staff and student- staff teams from the 5 NOBALIS partner institutions and bioresource based start-ups. <\/p>\n\n\n\n<p><strong>Content<\/strong>: program combined <strong>Hackathon<\/strong>, a&nbsp;<strong>mentoring programme<\/strong>&nbsp;and&nbsp;<strong>development sessions<\/strong> with  teams and&nbsp;<strong>a Demo Day<\/strong>&nbsp;for idea competition and ecosystem partners. <\/p>\n\n\n\n<p><strong>Check out the video on the program<\/strong> in Resources page  <a href=\"https:\/\/nobalis.eu\/index.php\/resources-2\/\" data-type=\"URL\" data-id=\"https:\/\/nobalis.eu\/index.php\/resources-2\/\">https:\/\/nobalis.eu\/index.php\/resources-2\/<\/a><\/p>\n\n\n\n<figure class=\"wp-block-image size-large is-resized\"><img loading=\"lazy\" decoding=\"async\" src=\"https:\/\/nobalis.eu\/wp-content\/uploads\/2022\/11\/Slaid-Call-for-Hackathon-724x1024.png\" alt=\"\" class=\"wp-image-802\" width=\"543\" height=\"768\" srcset=\"https:\/\/nobalis.eu\/wp-content\/uploads\/2022\/11\/Slaid-Call-for-Hackathon-724x1024.png 724w, https:\/\/nobalis.eu\/wp-content\/uploads\/2022\/11\/Slaid-Call-for-Hackathon-212x300.png 212w, https:\/\/nobalis.eu\/wp-content\/uploads\/2022\/11\/Slaid-Call-for-Hackathon-768x1086.png 768w, https:\/\/nobalis.eu\/wp-content\/uploads\/2022\/11\/Slaid-Call-for-Hackathon-1086x1536.png 1086w, https:\/\/nobalis.eu\/wp-content\/uploads\/2022\/11\/Slaid-Call-for-Hackathon-1448x2048.png 1448w, https:\/\/nobalis.eu\/wp-content\/uploads\/2022\/11\/Slaid-Call-for-Hackathon.png 1587w\" sizes=\"auto, (max-width: 543px) 100vw, 543px\" \/><\/figure>\n\n\n\n<p><\/p>\n\n\n\n<h2 class=\"wp-block-heading\">Virtual Hackathon on Sept. 26th 2022<\/h2>\n\n\n\n<p>The first NOBALIS &nbsp;food and biotech themed virtual Hackathon took place virtually on Sept. 26th. 50 students from 5 NOBALIS partner HEIs registered with 30 original ideas. Students had an opportunity introduce their ideas in a 1-minute pitch and work with mentors and an idea template in separate breakout rooms or look for a team in Matchmaking room. 9 teams proceeded with an update on their original idea. After Hackathon, the teams had an opportunity to submit an updated idea template. The ideas and teams were assessed and selected teams proceeded further to next development session. <\/p>\n\n\n\n<h2 class=\"wp-block-heading\">Development Session and Mentoring Program on Business Model Development on Oct. 20th<\/h2>\n\n\n\n<p>9 teams proceeded into the next stage of NOBALIS EICD program. The teams include 6 student teams, 1 student-staff team, and 2 staff teams. The first intense development session for the teams took place on Oct. 20th. It marked the beginning of the mentoring program for the participants with hands-on workshops and intense 1 on 1 mentoring sessions. Jelena \u017dovnikova, Head of Business Development at Fundwise, hosted a workshop on business model development. Professor Gunta Gr\u012bnberga-Z\u0101l\u012bte from Latvia University of Life Sciences and Technologies introduced effective marketing and sales strategies.<\/p>\n\n\n\n<h2 class=\"wp-block-heading\">Product Development and Impact Management session on Nov. 9th<\/h2>\n\n\n\n<p>Second development session focused on sustainable product development and creation of minimum viable product (MVP)and impact management and measurement. Ragmar Saksing from Tehnopol GreenTech Cluster mentored teams on how to create MVP and design products with circular economy principles in mind. Jaan Aps, CEO of Stories for Impact, lead the session on impact management and measurement and worked with teams on building a good framework for measuring and managing environmental and social impacts.<\/p>\n\n\n\n<h2 class=\"wp-block-heading\">Pitching and Financing Workshop on Dec. 6th<\/h2>\n\n\n\n<p>The third development session focused on how to fund the ideas and pitch those to the investors. Jelena \u017dovnikova covered the topics of different sources of private and public funding. Aleksander T\u00f5nnisson from Cocoon Ventures trained teams on how to effectively pitch their ideas and how to engage the investors and how to best approach and engage them. Teams worked on their 3- minute pitches for the final Demo Day<\/p>\n\n\n\n<h2 class=\"wp-block-heading\">Demo Day 2022<\/h2>\n\n\n\n<p>The first batch of student and staff teams in NOBALIS Entrepreneurship and Innovation Capacity Development Program (EICD) pitched their ideas to an international jury at Dec. 15th 2022. Demo Day provided an opportunity to demonstrate how teams have progressed, showcase their MVP and pitching skills. Student teams competed for a prize from BIA and awards from each HEI.<\/p>\n\n\n\n<p>The teams in NOBALIS project demonstrated a variety of exciting ideas that included app development, DNA analysis, food waste utilization, and agricultural pest, seaweed, canola-based products. The first price went to student team UNwasted from Swedish University of Agricultural Sciences, who worked on using coffee grounds for growing mushrooms.&nbsp; Second place went to team KESE from&nbsp; Estonian University of Life Sciences who developed a protein bar from Canola. Third place went to team PowerFeed from Latvia University of Life Sciences and Technology, who were exploring developing protein from Spanish slug.<\/p>\n","protected":false},"excerpt":{"rendered":"<p>Background The first round of NOBALIS Entrepreneurial and Innovation capacity development (EICD) programme for food, biotechnology and bioresource start-ups took place in the fall of 2022. Target groups: student, staff and student- staff teams from the 5 NOBALIS partner institutions and bioresource based start-ups. Content: program combined Hackathon, a&nbsp;mentoring programme&nbsp;and&nbsp;development sessions with teams and&nbsp;a Demo [&hellip;]<\/p>\n","protected":false},"author":2,"featured_media":0,"parent":66,"menu_order":5,"comment_status":"closed","ping_status":"closed","template":"","meta":{"footnotes":""},"class_list":["post-1059","page","type-page","status-publish","hentry"],"_links":{"self":[{"href":"https:\/\/nobalis.eu\/index.php\/wp-json\/wp\/v2\/pages\/1059","targetHints":{"allow":["GET"]}}],"collection":[{"href":"https:\/\/nobalis.eu\/index.php\/wp-json\/wp\/v2\/pages"}],"about":[{"href":"https:\/\/nobalis.eu\/index.php\/wp-json\/wp\/v2\/types\/page"}],"author":[{"embeddable":true,"href":"https:\/\/nobalis.eu\/index.php\/wp-json\/wp\/v2\/users\/2"}],"replies":[{"embeddable":true,"href":"https:\/\/nobalis.eu\/index.php\/wp-json\/wp\/v2\/comments?post=1059"}],"version-history":[{"count":4,"href":"https:\/\/nobalis.eu\/index.php\/wp-json\/wp\/v2\/pages\/1059\/revisions"}],"predecessor-version":[{"id":1068,"href":"https:\/\/nobalis.eu\/index.php\/wp-json\/wp\/v2\/pages\/1059\/revisions\/1068"}],"up":[{"embeddable":true,"href":"https:\/\/nobalis.eu\/index.php\/wp-json\/wp\/v2\/pages\/66"}],"wp:attachment":[{"href":"https:\/\/nobalis.eu\/index.php\/wp-json\/wp\/v2\/media?parent=1059"}],"curies":[{"name":"wp","href":"https:\/\/api.w.org\/{rel}","templated":true}]}}